{"id":59,"date":"2023-08-24T22:17:37","date_gmt":"2023-08-24T22:17:37","guid":{"rendered":"https:\/\/sitio.toothforce.com\/?page_id=59"},"modified":"2024-02-20T21:45:18","modified_gmt":"2024-02-20T21:45:18","slug":"ayuda","status":"publish","type":"page","link":"https:\/\/sitio.toothforce.com\/index.php\/ayuda\/","title":{"rendered":"\u00bfC\u00f3mo te puede ayudar a calcular comisiones?"},"content":{"rendered":"\n<div class=\"wp-block-media-text has-media-on-the-right is-stacked-on-mobile\" style=\"grid-template-columns:auto 35%\"><div class=\"wp-block-media-text__content\">\n<ul>\n<li><strong>Precisi\u00f3n Automatizada:<\/strong> Elimina la complejidad del c\u00e1lculo de comisiones con nuestra herramienta de precisi\u00f3n automatizada. Garantiza que cada profesional reciba una compensaci\u00f3n justa.<\/li>\n\n\n\n<li><strong>Transparente y Auditable:<\/strong> Proporcionamos un sistema transparente y auditable que permite a los odont\u00f3logos comprender y verificar f\u00e1cilmente c\u00f3mo se calculan sus comisiones. Mejora la confianza y la colaboraci\u00f3n en tu equipo.<\/li>\n\n\n\n<li><strong>Personalizaci\u00f3n Flexible:<\/strong> Adaptamos nuestro sistema a las necesidades espec\u00edficas de tu cl\u00ednica dental, permiti\u00e9ndote personalizar las reglas y par\u00e1metros para reflejar con precisi\u00f3n tu estructura de compensaci\u00f3n.<\/li>\n<\/ul>\n<\/div><figure class=\"wp-block-media-text__media\"><a class=\"https:\/\/www.freepik.es\/vector-gratis\/ilustracion-concepto-finanzas_6193734.htm#query=comisiones&amp;position=2&amp;from_view=search&amp;track=sph&amp;uuid=0a12773a-4649-4682-b3c7-20b3b773113b%22%3EImagen%20de%20storyset%3C\/a%3E%20en%20Freepik\" href=\"https:\/\/www.freepik.es\/vector-gratis\/ilustracion-concepto-finanzas_6193734.htm#query=comisiones&amp;position=2&amp;from_view=search&amp;track=sph&amp;uuid=0a12773a-4649-4682-b3c7-20b3b773113b%22%3EImagen%20de%20storyset%3C\/a%3E%20en%20Freepik\" target=\"_blank\" rel=\"noreferrer noopener\"><img loading=\"lazy\" decoding=\"async\" width=\"1024\" height=\"1024\" src=\"https:\/\/sitio.toothforce.com\/wp-content\/uploads\/2024\/02\/3112677-1-1024x1024.jpg\" alt=\"\" class=\"wp-image-327 size-full\" srcset=\"https:\/\/sitio.toothforce.com\/wp-content\/uploads\/2024\/02\/3112677-1-1024x1024.jpg 1024w, https:\/\/sitio.toothforce.com\/wp-content\/uploads\/2024\/02\/3112677-1-300x300.jpg 300w, https:\/\/sitio.toothforce.com\/wp-content\/uploads\/2024\/02\/3112677-1-150x150.jpg 150w, https:\/\/sitio.toothforce.com\/wp-content\/uploads\/2024\/02\/3112677-1-768x768.jpg 768w, https:\/\/sitio.toothforce.com\/wp-content\/uploads\/2024\/02\/3112677-1-1536x1536.jpg 1536w, https:\/\/sitio.toothforce.com\/wp-content\/uploads\/2024\/02\/3112677-1-1920x1920.jpg 1920w, https:\/\/sitio.toothforce.com\/wp-content\/uploads\/2024\/02\/3112677-1.jpg 2000w\" sizes=\"(max-width: 1024px) 100vw, 1024px\" \/><\/a><\/figure><\/div>\n","protected":false},"excerpt":{"rendered":"","protected":false},"author":1,"featured_media":0,"parent":0,"menu_order":0,"comment_status":"closed","ping_status":"closed","template":"","meta":{"footnotes":"[]","_joinchat":[]},"_links":{"self":[{"href":"https:\/\/sitio.toothforce.com\/index.php\/wp-json\/wp\/v2\/pages\/59"}],"collection":[{"href":"https:\/\/sitio.toothforce.com\/index.php\/wp-json\/wp\/v2\/pages"}],"about":[{"href":"https:\/\/sitio.toothforce.com\/index.php\/wp-json\/wp\/v2\/types\/page"}],"author":[{"embeddable":true,"href":"https:\/\/sitio.toothforce.com\/index.php\/wp-json\/wp\/v2\/users\/1"}],"replies":[{"embeddable":true,"href":"https:\/\/sitio.toothforce.com\/index.php\/wp-json\/wp\/v2\/comments?post=59"}],"version-history":[{"count":13,"href":"https:\/\/sitio.toothforce.com\/index.php\/wp-json\/wp\/v2\/pages\/59\/revisions"}],"predecessor-version":[{"id":342,"href":"https:\/\/sitio.toothforce.com\/index.php\/wp-json\/wp\/v2\/pages\/59\/revisions\/342"}],"wp:attachment":[{"href":"https:\/\/sitio.toothforce.com\/index.php\/wp-json\/wp\/v2\/media?parent=59"}],"curies":[{"name":"wp","href":"https:\/\/api.w.org\/{rel}","templated":true}]}}