{"id":186,"date":"2024-01-29T14:49:59","date_gmt":"2024-01-29T14:49:59","guid":{"rendered":"https:\/\/sitio.toothforce.com\/?page_id=186"},"modified":"2024-02-20T21:43:36","modified_gmt":"2024-02-20T21:43:36","slug":"mantente-al-dia-con-tus-procedimientos","status":"publish","type":"page","link":"https:\/\/sitio.toothforce.com\/index.php\/mantente-al-dia-con-tus-procedimientos\/","title":{"rendered":"Mantente al d\u00eda con tus procedimientos"},"content":{"rendered":"\n<div class=\"wp-block-media-text has-media-on-the-right is-stacked-on-mobile\"><div class=\"wp-block-media-text__content\">\n<ul>\n<li><strong>Registro Integral:<\/strong> Registra cada detalle de los procedimientos, desde la planificaci\u00f3n hasta la finalizaci\u00f3n. Accede f\u00e1cilmente a historiales detallados para mejorar la continuidad del tratamiento y la atenci\u00f3n al paciente. <\/li>\n\n\n\n<li><strong>Recordatorios Automatizados:<\/strong> Configura recordatorios autom\u00e1ticos para asegurarte de que cada paso del procedimiento se realice puntualmente. Evita omisiones y garantiza un servicio consistente. La automatizaci\u00f3n de recordatorios mejora la eficiencia operativa, minimizando errores y mejorando la experiencia del paciente al garantizar un flujo de trabajo fluido.<\/li>\n\n\n\n<li><strong>Interfaz Intuitiva:<\/strong> Nuestra interfaz intuitiva facilita el registro y seguimiento de procedimientos, incluso para aquellos sin experiencia t\u00e9cnica. Minimiza la curva de aprendizaje y maximiza la eficiencia operativa. La accesibilidad intuitiva garantiza una r\u00e1pida adopci\u00f3n por parte del equipo, mejorando la eficiencia general del seguimiento de procedimientos.<\/li>\n<\/ul>\n<\/div><figure class=\"wp-block-media-text__media\"><a class=\"https:\/\/www.freepik.es\/foto-gratis\/dentista-sonrisa_5904230.htm#query=procedimientos&amp;position=14&amp;from_view=search&amp;track=sph&amp;uuid=a1561294-ad0e-46b6-aae4-09adad4a83b7?sign-up=google%22%3EImagen%20de%20Racool_studio%3C\/a%3E%20en%20Freepik\" href=\"https:\/\/www.freepik.es\/foto-gratis\/dentista-sonrisa_5904230.htm#query=procedimientos&amp;position=14&amp;from_view=search&amp;track=sph&amp;uuid=a1561294-ad0e-46b6-aae4-09adad4a83b7?sign-up=google%22%3EImagen%20de%20Racool_studio%3C\/a%3E%20en%20Freepik\" target=\"_blank\" rel=\"noreferrer noopener\"><img loading=\"lazy\" decoding=\"async\" width=\"1024\" height=\"1024\" src=\"https:\/\/sitio.toothforce.com\/wp-content\/uploads\/2024\/02\/dentista-sonrisa-1024x1024.jpg\" alt=\"\" class=\"wp-image-332 size-full\" srcset=\"https:\/\/sitio.toothforce.com\/wp-content\/uploads\/2024\/02\/dentista-sonrisa-1024x1024.jpg 1024w, https:\/\/sitio.toothforce.com\/wp-content\/uploads\/2024\/02\/dentista-sonrisa-300x300.jpg 300w, https:\/\/sitio.toothforce.com\/wp-content\/uploads\/2024\/02\/dentista-sonrisa-150x150.jpg 150w, https:\/\/sitio.toothforce.com\/wp-content\/uploads\/2024\/02\/dentista-sonrisa-768x768.jpg 768w, https:\/\/sitio.toothforce.com\/wp-content\/uploads\/2024\/02\/dentista-sonrisa-1536x1536.jpg 1536w, https:\/\/sitio.toothforce.com\/wp-content\/uploads\/2024\/02\/dentista-sonrisa-2048x2048.jpg 2048w, https:\/\/sitio.toothforce.com\/wp-content\/uploads\/2024\/02\/dentista-sonrisa-1920x1920.jpg 1920w\" sizes=\"(max-width: 1024px) 100vw, 1024px\" \/><\/a><\/figure><\/div>\n","protected":false},"excerpt":{"rendered":"","protected":false},"author":1,"featured_media":0,"parent":0,"menu_order":0,"comment_status":"closed","ping_status":"closed","template":"","meta":{"footnotes":"","_joinchat":[]},"_links":{"self":[{"href":"https:\/\/sitio.toothforce.com\/index.php\/wp-json\/wp\/v2\/pages\/186"}],"collection":[{"href":"https:\/\/sitio.toothforce.com\/index.php\/wp-json\/wp\/v2\/pages"}],"about":[{"href":"https:\/\/sitio.toothforce.com\/index.php\/wp-json\/wp\/v2\/types\/page"}],"author":[{"embeddable":true,"href":"https:\/\/sitio.toothforce.com\/index.php\/wp-json\/wp\/v2\/users\/1"}],"replies":[{"embeddable":true,"href":"https:\/\/sitio.toothforce.com\/index.php\/wp-json\/wp\/v2\/comments?post=186"}],"version-history":[{"count":5,"href":"https:\/\/sitio.toothforce.com\/index.php\/wp-json\/wp\/v2\/pages\/186\/revisions"}],"predecessor-version":[{"id":339,"href":"https:\/\/sitio.toothforce.com\/index.php\/wp-json\/wp\/v2\/pages\/186\/revisions\/339"}],"wp:attachment":[{"href":"https:\/\/sitio.toothforce.com\/index.php\/wp-json\/wp\/v2\/media?parent=186"}],"curies":[{"name":"wp","href":"https:\/\/api.w.org\/{rel}","templated":true}]}}