{"id":184,"date":"2024-01-29T14:48:58","date_gmt":"2024-01-29T14:48:58","guid":{"rendered":"https:\/\/sitio.toothforce.com\/?page_id=184"},"modified":"2024-02-20T21:45:33","modified_gmt":"2024-02-20T21:45:33","slug":"reportes","status":"publish","type":"page","link":"https:\/\/sitio.toothforce.com\/index.php\/reportes\/","title":{"rendered":"Mantente informado con un simple clic"},"content":{"rendered":"\n<div class=\"wp-block-media-text has-media-on-the-right is-stacked-on-mobile\" style=\"grid-template-columns:auto 48%\"><div class=\"wp-block-media-text__content\">\n<ul>\n<li><strong>Informaci\u00f3n Integral:<\/strong> Nuestros informes ofrecen una visi\u00f3n completa de las m\u00e9tricas clave, incluyendo procedimientos realizados, ingresos generados, y m\u00e1s. Obt\u00e9n una comprensi\u00f3n clara y completa del rendimiento de tu cl\u00ednica.<\/li>\n\n\n\n<li><strong>Personalizaci\u00f3n Avanzada:<\/strong> Personaliza los informes seg\u00fan tus necesidades espec\u00edficas. Filtra datos, establece rangos de fechas y ajusta par\u00e1metros para obtener informaci\u00f3n que realmente importa para tu toma de decisiones. La capacidad de personalizaci\u00f3n te brinda el poder de adaptar los informes a las necesidades cambiantes de tu cl\u00ednica, asegurando relevancia a lo largo del tiempo.<\/li>\n\n\n\n<li><strong>Acceso en Tiempo Real:<\/strong> Accede a informes actualizados en tiempo real para tomar decisiones informadas sobre la marcha. Mantente al tanto del rendimiento de tu cl\u00ednica dental sin demoras. La disponibilidad en tiempo real garantiza que siempre est\u00e9s al d\u00eda con la situaci\u00f3n actual de tu pr\u00e1ctica, permiti\u00e9ndote tomar decisiones proactivas y estrat\u00e9gicas.<\/li>\n<\/ul>\n<\/div><figure class=\"wp-block-media-text__media\"><a href=\"https:\/\/www.freepik.es\/vector-gratis\/ilustracion-concepto-informe-datos_6195527.htm#query=reportes&amp;position=6&amp;from_view=search&amp;track=sph&amp;uuid=fba1342e-ead0-4de0-aa3a-814975d35b3e%22%3EImagen%20de%20storyset%3C\/a%3E%20en%20Freepik\" target=\"_blank\" rel=\"noreferrer noopener\"><img loading=\"lazy\" decoding=\"async\" width=\"1024\" height=\"1024\" src=\"https:\/\/sitio.toothforce.com\/wp-content\/uploads\/2024\/02\/3169210-1024x1024.jpg\" alt=\"\" class=\"wp-image-330 size-full\" srcset=\"https:\/\/sitio.toothforce.com\/wp-content\/uploads\/2024\/02\/3169210-1024x1024.jpg 1024w, https:\/\/sitio.toothforce.com\/wp-content\/uploads\/2024\/02\/3169210-300x300.jpg 300w, https:\/\/sitio.toothforce.com\/wp-content\/uploads\/2024\/02\/3169210-150x150.jpg 150w, https:\/\/sitio.toothforce.com\/wp-content\/uploads\/2024\/02\/3169210-768x768.jpg 768w, https:\/\/sitio.toothforce.com\/wp-content\/uploads\/2024\/02\/3169210-1536x1536.jpg 1536w, https:\/\/sitio.toothforce.com\/wp-content\/uploads\/2024\/02\/3169210-1920x1920.jpg 1920w, https:\/\/sitio.toothforce.com\/wp-content\/uploads\/2024\/02\/3169210.jpg 2000w\" sizes=\"(max-width: 1024px) 100vw, 1024px\" \/><\/a><\/figure><\/div>\n","protected":false},"excerpt":{"rendered":"","protected":false},"author":1,"featured_media":0,"parent":0,"menu_order":0,"comment_status":"closed","ping_status":"closed","template":"","meta":{"footnotes":"","_joinchat":[]},"_links":{"self":[{"href":"https:\/\/sitio.toothforce.com\/index.php\/wp-json\/wp\/v2\/pages\/184"}],"collection":[{"href":"https:\/\/sitio.toothforce.com\/index.php\/wp-json\/wp\/v2\/pages"}],"about":[{"href":"https:\/\/sitio.toothforce.com\/index.php\/wp-json\/wp\/v2\/types\/page"}],"author":[{"embeddable":true,"href":"https:\/\/sitio.toothforce.com\/index.php\/wp-json\/wp\/v2\/users\/1"}],"replies":[{"embeddable":true,"href":"https:\/\/sitio.toothforce.com\/index.php\/wp-json\/wp\/v2\/comments?post=184"}],"version-history":[{"count":7,"href":"https:\/\/sitio.toothforce.com\/index.php\/wp-json\/wp\/v2\/pages\/184\/revisions"}],"predecessor-version":[{"id":343,"href":"https:\/\/sitio.toothforce.com\/index.php\/wp-json\/wp\/v2\/pages\/184\/revisions\/343"}],"wp:attachment":[{"href":"https:\/\/sitio.toothforce.com\/index.php\/wp-json\/wp\/v2\/media?parent=184"}],"curies":[{"name":"wp","href":"https:\/\/api.w.org\/{rel}","templated":true}]}}